{"id":1195,"date":"2018-12-14T15:25:01","date_gmt":"2018-12-14T13:25:01","guid":{"rendered":"https:\/\/aysinformatica.com\/IGB\/?page_id=1195"},"modified":"2023-09-20T16:21:50","modified_gmt":"2023-09-20T15:21:50","slug":"certificaciones","status":"publish","type":"page","link":"https:\/\/grupoigb.es\/en\/perfil\/certificaciones\/","title":{"rendered":"Certifications"},"content":{"rendered":"<div data-elementor-type=\"wp-post\" data-elementor-id=\"1195\" class=\"elementor elementor-1195\" data-elementor-post-type=\"page\">\n\t\t\t\t\t\t<section class=\"elementor-section elementor-top-section elementor-element elementor-element-01a30b1 elementor-section-boxed elementor-section-height-default elementor-section-height-default\" data-id=\"01a30b1\" data-element_type=\"section\">\n\t\t\t\t\t\t<div class=\"elementor-container elementor-column-gap-default\">\n\t\t\t\t\t<div class=\"elementor-column elementor-col-50 elementor-top-column elementor-element elementor-element-8e52834\" data-id=\"8e52834\" data-element_type=\"column\">\n\t\t\t<div class=\"elementor-widget-wrap elementor-element-populated\">\n\t\t\t\t\t\t<div class=\"elementor-element elementor-element-f37f41a elementor-widget elementor-widget-template\" data-id=\"f37f41a\" data-element_type=\"widget\" data-settings=\"{&quot;sticky&quot;:&quot;top&quot;,&quot;sticky_offset&quot;:150,&quot;sticky_parent&quot;:&quot;yes&quot;,&quot;sticky_on&quot;:[&quot;desktop&quot;,&quot;tablet&quot;,&quot;mobile&quot;],&quot;sticky_effects_offset&quot;:0,&quot;sticky_anchor_link_offset&quot;:0}\" data-widget_type=\"template.default\">\n\t\t\t\t<div class=\"elementor-widget-container\">\n\t\t\t\t\t\t\t<div class=\"elementor-template\">\n\t\t\t\t\t<div data-elementor-type=\"section\" data-elementor-id=\"445\" class=\"elementor elementor-445 elementor-bc-flex-widget\" data-elementor-post-type=\"elementor_library\">\n\t\t\t\t\t<section class=\"elementor-section elementor-top-section elementor-element elementor-element-3c2eede1 elementor-section-content-middle elementor-section-boxed elementor-section-height-default elementor-section-height-default\" data-id=\"3c2eede1\" data-element_type=\"section\" data-settings=\"{&quot;background_background&quot;:&quot;classic&quot;}\">\n\t\t\t\t\t\t<div class=\"elementor-container elementor-column-gap-no\">\n\t\t\t\t\t<div class=\"elementor-column elementor-col-100 elementor-top-column elementor-element elementor-element-533be317\" data-id=\"533be317\" data-element_type=\"column\">\n\t\t\t<div class=\"elementor-widget-wrap elementor-element-populated\">\n\t\t\t\t\t\t<div class=\"elementor-element elementor-element-3bd4d28 elementor-widget elementor-widget-text-editor\" data-id=\"3bd4d28\" data-element_type=\"widget\" data-widget_type=\"text-editor.default\">\n\t\t\t\t<div class=\"elementor-widget-container\">\n\t\t\t\t\t\t\t\t\t<p><em>PROFILE<\/em><\/p>\t\t\t\t\t\t\t\t<\/div>\n\t\t\t\t<\/div>\n\t\t\t\t<div class=\"elementor-element elementor-element-74bc950b elementor-nav-menu__align-start elementor-nav-menu--stretch elementor-nav-menu--dropdown-mobile elementor-nav-menu__text-align-aside elementor-nav-menu--toggle elementor-nav-menu--burger elementor-widget elementor-widget-nav-menu\" data-id=\"74bc950b\" data-element_type=\"widget\" data-settings=\"{&quot;full_width&quot;:&quot;stretch&quot;,&quot;layout&quot;:&quot;vertical&quot;,&quot;submenu_icon&quot;:{&quot;value&quot;:&quot;&lt;i class=\\&quot;fas fa-angle-down\\&quot; aria-hidden=\\&quot;true\\&quot;&gt;&lt;\\\/i&gt;&quot;,&quot;library&quot;:&quot;fa-solid&quot;},&quot;toggle&quot;:&quot;burger&quot;}\" data-widget_type=\"nav-menu.default\">\n\t\t\t\t<div class=\"elementor-widget-container\">\n\t\t\t\t\t\t\t\t<nav aria-label=\"Menu\" class=\"elementor-nav-menu--main elementor-nav-menu__container elementor-nav-menu--layout-vertical e--pointer-double-line e--animation-fade\">\n\t\t\t\t<ul id=\"menu-1-74bc950b\" class=\"elementor-nav-menu sm-vertical\"><li class=\"menu-item menu-item-type-post_type menu-item-object-page menu-item-432\"><a href=\"https:\/\/grupoigb.es\/en\/perfil\/equipo\/\" class=\"elementor-item\">Team<\/a><\/li>\n<li class=\"menu-item menu-item-type-post_type menu-item-object-page menu-item-433\"><a href=\"https:\/\/grupoigb.es\/en\/perfil\/portfolio\/\" class=\"elementor-item\">Portfolio<\/a><\/li>\n<li class=\"menu-item menu-item-type-post_type menu-item-object-page menu-item-431\"><a href=\"https:\/\/grupoigb.es\/en\/perfil\/clientes\/\" class=\"elementor-item\">Customers<\/a><\/li>\n<li class=\"menu-item menu-item-type-post_type menu-item-object-page menu-item-1397\"><a href=\"https:\/\/grupoigb.es\/en\/perfil\/certificaciones\/\" class=\"elementor-item\">Certifications<\/a><\/li>\n<\/ul>\t\t\t<\/nav>\n\t\t\t\t\t<div class=\"elementor-menu-toggle\" role=\"button\" tabindex=\"0\" aria-label=\"Menu Toggle\" aria-expanded=\"false\">\n\t\t\t<i aria-hidden=\"true\" role=\"presentation\" class=\"elementor-menu-toggle__icon--open eicon-menu-bar\"><\/i><i aria-hidden=\"true\" role=\"presentation\" class=\"elementor-menu-toggle__icon--close eicon-close\"><\/i>\t\t<\/div>\n\t\t\t\t\t<nav class=\"elementor-nav-menu--dropdown elementor-nav-menu__container\" aria-hidden=\"true\">\n\t\t\t\t<ul id=\"menu-2-74bc950b\" class=\"elementor-nav-menu sm-vertical\"><li class=\"menu-item menu-item-type-post_type menu-item-object-page menu-item-432\"><a href=\"https:\/\/grupoigb.es\/en\/perfil\/equipo\/\" class=\"elementor-item\" tabindex=\"-1\">Team<\/a><\/li>\n<li class=\"menu-item menu-item-type-post_type menu-item-object-page menu-item-433\"><a href=\"https:\/\/grupoigb.es\/en\/perfil\/portfolio\/\" class=\"elementor-item\" tabindex=\"-1\">Portfolio<\/a><\/li>\n<li class=\"menu-item menu-item-type-post_type menu-item-object-page menu-item-431\"><a href=\"https:\/\/grupoigb.es\/en\/perfil\/clientes\/\" class=\"elementor-item\" tabindex=\"-1\">Customers<\/a><\/li>\n<li class=\"menu-item menu-item-type-post_type menu-item-object-page menu-item-1397\"><a href=\"https:\/\/grupoigb.es\/en\/perfil\/certificaciones\/\" class=\"elementor-item\" tabindex=\"-1\">Certifications<\/a><\/li>\n<\/ul>\t\t\t<\/nav>\n\t\t\t\t\t\t<\/div>\n\t\t\t\t<\/div>\n\t\t\t\t\t<\/div>\n\t\t<\/div>\n\t\t\t\t\t<\/div>\n\t\t<\/section>\n\t\t\t\t<\/div>\n\t\t\t\t<\/div>\n\t\t\t\t\t\t<\/div>\n\t\t\t\t<\/div>\n\t\t\t\t\t<\/div>\n\t\t<\/div>\n\t\t\t\t<div class=\"elementor-column elementor-col-50 elementor-top-column elementor-element elementor-element-83d4953\" data-id=\"83d4953\" data-element_type=\"column\">\n\t\t\t<div class=\"elementor-widget-wrap elementor-element-populated\">\n\t\t\t\t\t\t<div class=\"elementor-element elementor-element-632a872 elementor-widget elementor-widget-image\" data-id=\"632a872\" data-element_type=\"widget\" data-widget_type=\"image.default\">\n\t\t\t\t<div class=\"elementor-widget-container\">\n\t\t\t\t\t\t\t\t\t\t\t\t\t\t\t<img fetchpriority=\"high\" decoding=\"async\" width=\"1024\" height=\"356\" src=\"https:\/\/grupoigb.es\/wp-content\/uploads\/certificaciones1-1024x356.jpg\" class=\"attachment-large size-large wp-image-1412\" alt=\"\" srcset=\"https:\/\/grupoigb.es\/wp-content\/uploads\/certificaciones1-1024x356.jpg 1024w, https:\/\/grupoigb.es\/wp-content\/uploads\/certificaciones1-150x52.jpg 150w, https:\/\/grupoigb.es\/wp-content\/uploads\/certificaciones1-300x104.jpg 300w, https:\/\/grupoigb.es\/wp-content\/uploads\/certificaciones1-768x267.jpg 768w, https:\/\/grupoigb.es\/wp-content\/uploads\/certificaciones1.jpg 1200w\" sizes=\"(max-width: 1024px) 100vw, 1024px\" \/>\t\t\t\t\t\t\t\t\t\t\t\t\t\t\t<\/div>\n\t\t\t\t<\/div>\n\t\t\t\t<div class=\"elementor-element elementor-element-1ea70d8 elementor-widget elementor-widget-heading\" data-id=\"1ea70d8\" data-element_type=\"widget\" data-widget_type=\"heading.default\">\n\t\t\t\t<div class=\"elementor-widget-container\">\n\t\t\t\t\t<h2 class=\"elementor-heading-title elementor-size-default\">INTEGRATED MANAGEMENT POLICY\n<\/h2>\t\t\t\t<\/div>\n\t\t\t\t<\/div>\n\t\t\t\t<div class=\"elementor-element elementor-element-d97bf34 elementor-widget elementor-widget-text-editor\" data-id=\"d97bf34\" data-element_type=\"widget\" data-widget_type=\"text-editor.default\">\n\t\t\t\t<div class=\"elementor-widget-container\">\n\t\t\t\t\t\t\t\t\t<p class=\"translation-block\">So that a company as<b> IGB <\/b>to be able to provide the service that, increasingly our market demands, we need that the quality concept is present in all the decisions of the organization and in that of its collaborators. Our intention is to achieve <b>\"full satisfaction in the realization of quality jobs and the confidence and respect of our clients\" <\/b><\/p>\t\t\t\t\t\t\t\t<\/div>\n\t\t\t\t<\/div>\n\t\t\t\t<section class=\"elementor-section elementor-inner-section elementor-element elementor-element-7f4cfed elementor-section-boxed elementor-section-height-default elementor-section-height-default\" data-id=\"7f4cfed\" data-element_type=\"section\">\n\t\t\t\t\t\t<div class=\"elementor-container elementor-column-gap-default\">\n\t\t\t\t\t<div class=\"elementor-column elementor-col-33 elementor-inner-column elementor-element elementor-element-1d3786d\" data-id=\"1d3786d\" data-element_type=\"column\">\n\t\t\t<div class=\"elementor-widget-wrap elementor-element-populated\">\n\t\t\t\t\t\t<div class=\"elementor-element elementor-element-e50fb7f elementor-widget elementor-widget-image\" data-id=\"e50fb7f\" data-element_type=\"widget\" data-widget_type=\"image.default\">\n\t\t\t\t<div class=\"elementor-widget-container\">\n\t\t\t\t\t\t\t\t\t\t\t\t\t\t\t\t<a href=\"https:\/\/grupoigb.es\/wp-content\/uploads\/34_5200_14_0866_INGENIERIA-BASICA-OBRAS-Y-PROYECTOS-IGB-24-06-2023.png\" target=\"_blank\">\n\t\t\t\t\t\t\t<img decoding=\"async\" width=\"527\" height=\"770\" src=\"https:\/\/grupoigb.es\/wp-content\/uploads\/34_5200_14_0866_INGENIERIA-BASICA-OBRAS-Y-PROYECTOS-IGB-24-06-2023.png\" class=\"attachment-large size-large wp-image-3532\" alt=\"\" srcset=\"https:\/\/grupoigb.es\/wp-content\/uploads\/34_5200_14_0866_INGENIERIA-BASICA-OBRAS-Y-PROYECTOS-IGB-24-06-2023.png 527w, https:\/\/grupoigb.es\/wp-content\/uploads\/34_5200_14_0866_INGENIERIA-BASICA-OBRAS-Y-PROYECTOS-IGB-24-06-2023-205x300.png 205w, https:\/\/grupoigb.es\/wp-content\/uploads\/34_5200_14_0866_INGENIERIA-BASICA-OBRAS-Y-PROYECTOS-IGB-24-06-2023-103x150.png 103w, https:\/\/grupoigb.es\/wp-content\/uploads\/34_5200_14_0866_INGENIERIA-BASICA-OBRAS-Y-PROYECTOS-IGB-24-06-2023-8x12.png 8w\" sizes=\"(max-width: 527px) 100vw, 527px\" \/>\t\t\t\t\t\t\t\t<\/a>\n\t\t\t\t\t\t\t\t\t\t\t\t\t\t\t<\/div>\n\t\t\t\t<\/div>\n\t\t\t\t\t<\/div>\n\t\t<\/div>\n\t\t\t\t<div class=\"elementor-column elementor-col-33 elementor-inner-column elementor-element elementor-element-87a0e1c\" data-id=\"87a0e1c\" data-element_type=\"column\">\n\t\t\t<div class=\"elementor-widget-wrap elementor-element-populated\">\n\t\t\t\t\t\t<div class=\"elementor-element elementor-element-d5d35f5 elementor-widget elementor-widget-image\" data-id=\"d5d35f5\" data-element_type=\"widget\" data-widget_type=\"image.default\">\n\t\t\t\t<div class=\"elementor-widget-container\">\n\t\t\t\t\t\t\t\t\t\t\t\t\t\t\t\t<a href=\"https:\/\/grupoigb.es\/wp-content\/uploads\/34_5400_14_0867_INGENIERIA-BASICA-OBRAS-Y-PROYECTOS-IGB-24-06-2023.png\" target=\"_blank\">\n\t\t\t\t\t\t\t<img decoding=\"async\" width=\"538\" height=\"775\" src=\"https:\/\/grupoigb.es\/wp-content\/uploads\/34_5400_14_0867_INGENIERIA-BASICA-OBRAS-Y-PROYECTOS-IGB-24-06-2023.png\" class=\"attachment-large size-large wp-image-3533\" alt=\"\" srcset=\"https:\/\/grupoigb.es\/wp-content\/uploads\/34_5400_14_0867_INGENIERIA-BASICA-OBRAS-Y-PROYECTOS-IGB-24-06-2023.png 538w, https:\/\/grupoigb.es\/wp-content\/uploads\/34_5400_14_0867_INGENIERIA-BASICA-OBRAS-Y-PROYECTOS-IGB-24-06-2023-208x300.png 208w, https:\/\/grupoigb.es\/wp-content\/uploads\/34_5400_14_0867_INGENIERIA-BASICA-OBRAS-Y-PROYECTOS-IGB-24-06-2023-104x150.png 104w, https:\/\/grupoigb.es\/wp-content\/uploads\/34_5400_14_0867_INGENIERIA-BASICA-OBRAS-Y-PROYECTOS-IGB-24-06-2023-8x12.png 8w\" sizes=\"(max-width: 538px) 100vw, 538px\" \/>\t\t\t\t\t\t\t\t<\/a>\n\t\t\t\t\t\t\t\t\t\t\t\t\t\t\t<\/div>\n\t\t\t\t<\/div>\n\t\t\t\t\t<\/div>\n\t\t<\/div>\n\t\t\t\t<div class=\"elementor-column elementor-col-33 elementor-inner-column elementor-element elementor-element-f7da8d2\" data-id=\"f7da8d2\" data-element_type=\"column\">\n\t\t\t<div class=\"elementor-widget-wrap elementor-element-populated\">\n\t\t\t\t\t\t<div class=\"elementor-element elementor-element-b5ad114 elementor-widget elementor-widget-image\" data-id=\"b5ad114\" data-element_type=\"widget\" data-widget_type=\"image.default\">\n\t\t\t\t<div class=\"elementor-widget-container\">\n\t\t\t\t\t\t\t\t\t\t\t\t\t\t\t\t<a href=\"https:\/\/grupoigb.es\/wp-content\/uploads\/34_5500_21_9012_INGENIERIA-BASICA-OBRAS-Y-PROYECTOS-IGB-24-06-2023.png\" target=\"_blank\">\n\t\t\t\t\t\t\t<img loading=\"lazy\" decoding=\"async\" width=\"526\" height=\"763\" src=\"https:\/\/grupoigb.es\/wp-content\/uploads\/34_5500_21_9012_INGENIERIA-BASICA-OBRAS-Y-PROYECTOS-IGB-24-06-2023.png\" class=\"attachment-large size-large wp-image-3534\" alt=\"\" srcset=\"https:\/\/grupoigb.es\/wp-content\/uploads\/34_5500_21_9012_INGENIERIA-BASICA-OBRAS-Y-PROYECTOS-IGB-24-06-2023.png 526w, https:\/\/grupoigb.es\/wp-content\/uploads\/34_5500_21_9012_INGENIERIA-BASICA-OBRAS-Y-PROYECTOS-IGB-24-06-2023-207x300.png 207w, https:\/\/grupoigb.es\/wp-content\/uploads\/34_5500_21_9012_INGENIERIA-BASICA-OBRAS-Y-PROYECTOS-IGB-24-06-2023-103x150.png 103w, https:\/\/grupoigb.es\/wp-content\/uploads\/34_5500_21_9012_INGENIERIA-BASICA-OBRAS-Y-PROYECTOS-IGB-24-06-2023-8x12.png 8w\" sizes=\"(max-width: 526px) 100vw, 526px\" \/>\t\t\t\t\t\t\t\t<\/a>\n\t\t\t\t\t\t\t\t\t\t\t\t\t\t\t<\/div>\n\t\t\t\t<\/div>\n\t\t\t\t\t<\/div>\n\t\t<\/div>\n\t\t\t\t\t<\/div>\n\t\t<\/section>\n\t\t\t\t<div class=\"elementor-element elementor-element-45295dc elementor-widget elementor-widget-image\" data-id=\"45295dc\" data-element_type=\"widget\" data-widget_type=\"image.default\">\n\t\t\t\t<div class=\"elementor-widget-container\">\n\t\t\t\t\t\t\t\t\t\t\t\t\t\t\t<img loading=\"lazy\" decoding=\"async\" width=\"768\" height=\"225\" src=\"https:\/\/grupoigb.es\/wp-content\/uploads\/ISO9001-14001-45001-768x225.png\" class=\"attachment-medium_large size-medium_large wp-image-3538\" alt=\"\" srcset=\"https:\/\/grupoigb.es\/wp-content\/uploads\/ISO9001-14001-45001-768x225.png 768w, https:\/\/grupoigb.es\/wp-content\/uploads\/ISO9001-14001-45001-300x88.png 300w, https:\/\/grupoigb.es\/wp-content\/uploads\/ISO9001-14001-45001-1024x300.png 1024w, https:\/\/grupoigb.es\/wp-content\/uploads\/ISO9001-14001-45001-150x44.png 150w, https:\/\/grupoigb.es\/wp-content\/uploads\/ISO9001-14001-45001-18x5.png 18w, https:\/\/grupoigb.es\/wp-content\/uploads\/ISO9001-14001-45001.png 1102w\" sizes=\"(max-width: 768px) 100vw, 768px\" \/>\t\t\t\t\t\t\t\t\t\t\t\t\t\t\t<\/div>\n\t\t\t\t<\/div>\n\t\t\t\t<div class=\"elementor-element elementor-element-09ff2f7 elementor-widget elementor-widget-text-editor\" data-id=\"09ff2f7\" data-element_type=\"widget\" data-widget_type=\"text-editor.default\">\n\t\t\t\t<div class=\"elementor-widget-container\">\n\t\t\t\t\t\t\t\t\t<p>IGB Ingenier\u00eda B\u00e1sica is defined as an independent consulting company whose main objective is to provide creative engineering services, which represent for the customer the best solution satisfying needs and expectations. <strong>Our cornerstones are the commitment to continuous improvement, pollution prevention and the use of the resources necessary to achieve these objectives, respecting the established deadline and cost objectives.<\/strong><\/p><p>Para ello establece un Sistema Integrado de Calidad, Gesti\u00f3n Ambiental y Seguridad y Salud en el Trabajo en base a los requisitos que establecen las Normas UNE-EN-ISO 9001:2015, UNE-EN-ISO 14001:2015 y UNE-EN-ISO 45001:2018, adaptado a las actividades espec\u00edficas de\u00a0<b>Redacci\u00f3n de proyectos y estudios de ingenier\u00eda civil, medio ambiente, urbanismo y edificaci\u00f3n. Asistencia t\u00e9cnica y direcci\u00f3n de obra. Servicios de ingenier\u00eda y consultor\u00eda en entorno BIM. Elaboraci\u00f3n de estudios de seguridad y salud y coordinaci\u00f3n de seguridad y salud en obra, as\u00ed como la realizaci\u00f3n de servicios de consultor\u00eda asociados.<\/b><\/p><p>The Integral Management Policy is based on the following principles:<\/p><ul><li class=\"m_-4019342546727172614MsoBodyText\"><b>Understanding the current and future needs of our customers<\/b>, consolidando su confianza en nuestra organizaci\u00f3n,\u00a0satisfaciendo sus requisitos y realizando un esfuerzo por exceder sus expectativas.<u><\/u><u><\/u><\/li><li class=\"m_-4019342546727172614MsoBodyText\"><u><\/u>Commitment that the established <b>legal and regulatory requirements<\/b>\u00a0as well as other requirements that the organization subscribes for the adequate provision of the service, are met in the development of our activity. In this way, this Policy becomes the frame of reference for establishing and reviewing the objectives and goals of the organization.<u><\/u><u><\/u><\/li><li class=\"m_-4019342546727172614MsoBodyText\"><u><\/u>Plan, verify and control our activities to ensure the <b>continuous improvement\u00a0<\/b>of our Integrated System and our behavior with the environment, continuing to consolidate our position in the civil engineering and public works consulting sector.<u><\/u><u><\/u><\/li><li class=\"m_-4019342546727172614MsoBodyText\"><u><\/u><b>Minimize the environmental impact<\/b>\u00a0of our services, with particular attention to the management of the waste generated and to the consumption achieved.<u><\/u><u><\/u><\/li><li class=\"m_-4019342546727172614MsoBodyText\"><u><\/u><b>Prevenir los da\u00f1os y el deterioro de la salud<\/b>\u00a0de sus empleados y subcontratas identific\u00e1ndolos, evalu\u00e1ndolos y adoptando las medidas necesarias.<u><\/u><u><\/u><\/li><li class=\"m_-4019342546727172614MsoBodyText\"><u><\/u>Guarantee a strict <b>control of costs and external collaborators<\/b>\u00a0through the approval of suppliers and inspection of the work performed.<u><\/u><u><\/u><\/li><li class=\"m_-4019342546727172614MsoBodyText\"><u><\/u>Proporcionar la<b>\u00a0formaci\u00f3n e informaci\u00f3n\u00a0<\/b>adecuada a los empleados, para que desarrollen buenas pr\u00e1cticas ambientales, conozcan los riesgos inherentes a su trabajo y las medidas para su correcta prevenci\u00f3n, as\u00ed como sus obligaciones en materia de prevenci\u00f3n de riesgos laborales, medio ambiente y calidad.<\/li><li class=\"m_-4019342546727172614MsoBodyText\"><u><\/u><u><\/u><u><\/u>Fomentar la consulta y participaci\u00f3n de los empleados, en cuestiones relacionadas con la Calidad, Seguridad y Salud en el Trabajo y sus actuaciones Medioambientales.<\/li><\/ul>\t\t\t\t\t\t\t\t<\/div>\n\t\t\t\t<\/div>\n\t\t\t\t<div class=\"elementor-element elementor-element-d127106 elementor-widget elementor-widget-text-editor\" data-id=\"d127106\" data-element_type=\"widget\" data-widget_type=\"text-editor.default\">\n\t\t\t\t<div class=\"elementor-widget-container\">\n\t\t\t\t\t\t\t\t\t<p>El Sistema Integrado de Calidad, Gesti\u00f3n Ambiental y Seguridad y Salud en el Trabajo implantado en <b>IGB <\/b>est\u00e1 estructurado y adaptado a la actividad espec\u00edfica de: <b>Redacci\u00f3n de proyectos y estudios de ingenier\u00eda civil, medio ambiente, urbanismo y edificaci\u00f3n. Asistencia t\u00e9cnica y direcci\u00f3n de obra. Elaboraci\u00f3n de estudios de seguridad y salud en obra, as\u00ed como la realizaci\u00f3n de servicios de consultor\u00eda asociados. <\/b><\/p>\n<p class=\"translation-block\">As a result of this quality and environment politics, <b>IGB<\/b> has improved the development of its activity providing major satisfaction to our clients and providers, doing it of sustainable and respectful form with the environment. Both systems are certified and audited by <b>OCA Instituto de Certificacion, S.L.<\/b> entity credited by the <b>National Entity of Accreditation (ENAC) in Spain. <\/b><\/p>\t\t\t\t\t\t\t\t<\/div>\n\t\t\t\t<\/div>\n\t\t\t\t<div class=\"elementor-element elementor-element-d5efe7b elementor-widget elementor-widget-image\" data-id=\"d5efe7b\" data-element_type=\"widget\" data-widget_type=\"image.default\">\n\t\t\t\t<div class=\"elementor-widget-container\">\n\t\t\t\t\t\t\t\t\t\t\t\t\t\t\t<img loading=\"lazy\" decoding=\"async\" width=\"300\" height=\"125\" src=\"https:\/\/grupoigb.es\/wp-content\/uploads\/LogoEntidadesAcreditacion-300x125.jpg\" class=\"attachment-medium size-medium wp-image-3548\" alt=\"\" srcset=\"https:\/\/grupoigb.es\/wp-content\/uploads\/LogoEntidadesAcreditacion-300x125.jpg 300w, https:\/\/grupoigb.es\/wp-content\/uploads\/LogoEntidadesAcreditacion-150x62.jpg 150w, https:\/\/grupoigb.es\/wp-content\/uploads\/LogoEntidadesAcreditacion-18x7.jpg 18w, https:\/\/grupoigb.es\/wp-content\/uploads\/LogoEntidadesAcreditacion.jpg 467w\" sizes=\"(max-width: 300px) 100vw, 300px\" \/>\t\t\t\t\t\t\t\t\t\t\t\t\t\t\t<\/div>\n\t\t\t\t<\/div>\n\t\t\t\t<div class=\"elementor-element elementor-element-9bfff11 elementor-widget elementor-widget-image\" data-id=\"9bfff11\" data-element_type=\"widget\" data-widget_type=\"image.default\">\n\t\t\t\t<div class=\"elementor-widget-container\">\n\t\t\t\t\t\t\t\t\t\t\t\t\t\t\t<img loading=\"lazy\" decoding=\"async\" width=\"1024\" height=\"216\" src=\"https:\/\/grupoigb.es\/wp-content\/uploads\/certificaciones2-1024x216.jpg\" class=\"attachment-large size-large wp-image-1413\" alt=\"\" srcset=\"https:\/\/grupoigb.es\/wp-content\/uploads\/certificaciones2-1024x216.jpg 1024w, https:\/\/grupoigb.es\/wp-content\/uploads\/certificaciones2-150x32.jpg 150w, https:\/\/grupoigb.es\/wp-content\/uploads\/certificaciones2-300x63.jpg 300w, https:\/\/grupoigb.es\/wp-content\/uploads\/certificaciones2-768x162.jpg 768w, https:\/\/grupoigb.es\/wp-content\/uploads\/certificaciones2.jpg 1200w\" sizes=\"(max-width: 1024px) 100vw, 1024px\" \/>\t\t\t\t\t\t\t\t\t\t\t\t\t\t\t<\/div>\n\t\t\t\t<\/div>\n\t\t\t\t\t<\/div>\n\t\t<\/div>\n\t\t\t\t\t<\/div>\n\t\t<\/section>\n\t\t\t\t<\/div>","protected":false},"excerpt":{"rendered":"<p>POL\u00cdTICA DE GESTI\u00d3N INTEGRAL Para que una empresa como IGB sea capaz de prestar el servicio que, cada vez m\u00e1s exige nuestro mercado, necesitamos que el concepto de CALIDAD est\u00e9 presente en todas las decisiones de la organizaci\u00f3n y en la de sus colaboradores. As\u00ed nuestra intenci\u00f3n es conseguir \u201cLa satisfacci\u00f3n plena en la realizaci\u00f3n [&hellip;]<\/p>","protected":false},"author":1,"featured_media":0,"parent":78,"menu_order":0,"comment_status":"closed","ping_status":"closed","template":"","meta":{"ocean_post_layout":"full-width","ocean_both_sidebars_style":"","ocean_both_sidebars_content_width":0,"ocean_both_sidebars_sidebars_width":0,"ocean_sidebar":"0","ocean_second_sidebar":"0","ocean_disable_margins":"enable","ocean_add_body_class":"","ocean_shortcode_before_top_bar":"","ocean_shortcode_after_top_bar":"","ocean_shortcode_before_header":"","ocean_shortcode_after_header":"","ocean_has_shortcode":"","ocean_shortcode_after_title":"","ocean_shortcode_before_footer_widgets":"","ocean_shortcode_after_footer_widgets":"","ocean_shortcode_before_footer_bottom":"","ocean_shortcode_after_footer_bottom":"","ocean_display_top_bar":"default","ocean_display_header":"default","ocean_header_style":"","ocean_center_header_left_menu":"0","ocean_custom_header_template":"0","ocean_custom_logo":0,"ocean_custom_retina_logo":0,"ocean_custom_logo_max_width":0,"ocean_custom_logo_tablet_max_width":0,"ocean_custom_logo_mobile_max_width":0,"ocean_custom_logo_max_height":0,"ocean_custom_logo_tablet_max_height":0,"ocean_custom_logo_mobile_max_height":0,"ocean_header_custom_menu":"0","ocean_menu_typo_font_family":"0","ocean_menu_typo_font_subset":"","ocean_menu_typo_font_size":0,"ocean_menu_typo_font_size_tablet":0,"ocean_menu_typo_font_size_mobile":0,"ocean_menu_typo_font_size_unit":"px","ocean_menu_typo_font_weight":"","ocean_menu_typo_font_weight_tablet":"","ocean_menu_typo_font_weight_mobile":"","ocean_menu_typo_transform":"","ocean_menu_typo_transform_tablet":"","ocean_menu_typo_transform_mobile":"","ocean_menu_typo_line_height":0,"ocean_menu_typo_line_height_tablet":0,"ocean_menu_typo_line_height_mobile":0,"ocean_menu_typo_line_height_unit":"","ocean_menu_typo_spacing":0,"ocean_menu_typo_spacing_tablet":0,"ocean_menu_typo_spacing_mobile":0,"ocean_menu_typo_spacing_unit":"","ocean_menu_link_color":"","ocean_menu_link_color_hover":"","ocean_menu_link_color_active":"","ocean_menu_link_background":"","ocean_menu_link_hover_background":"","ocean_menu_link_active_background":"","ocean_menu_social_links_bg":"","ocean_menu_social_hover_links_bg":"","ocean_menu_social_links_color":"","ocean_menu_social_hover_links_color":"","ocean_disable_title":"default","ocean_disable_heading":"default","ocean_post_title":"","ocean_post_subheading":"","ocean_post_title_style":"","ocean_post_title_background_color":"","ocean_post_title_background":0,"ocean_post_title_bg_image_position":"","ocean_post_title_bg_image_attachment":"","ocean_post_title_bg_image_repeat":"","ocean_post_title_bg_image_size":"","ocean_post_title_height":0,"ocean_post_title_bg_overlay":0.5,"ocean_post_title_bg_overlay_color":"","ocean_disable_breadcrumbs":"default","ocean_breadcrumbs_color":"","ocean_breadcrumbs_separator_color":"","ocean_breadcrumbs_links_color":"","ocean_breadcrumbs_links_hover_color":"","ocean_display_footer_widgets":"default","ocean_display_footer_bottom":"default","ocean_custom_footer_template":"0","footnotes":""},"class_list":["post-1195","page","type-page","status-publish","hentry","entry"],"_links":{"self":[{"href":"https:\/\/grupoigb.es\/en\/wp-json\/wp\/v2\/pages\/1195","targetHints":{"allow":["GET"]}}],"collection":[{"href":"https:\/\/grupoigb.es\/en\/wp-json\/wp\/v2\/pages"}],"about":[{"href":"https:\/\/grupoigb.es\/en\/wp-json\/wp\/v2\/types\/page"}],"author":[{"embeddable":true,"href":"https:\/\/grupoigb.es\/en\/wp-json\/wp\/v2\/users\/1"}],"replies":[{"embeddable":true,"href":"https:\/\/grupoigb.es\/en\/wp-json\/wp\/v2\/comments?post=1195"}],"version-history":[{"count":32,"href":"https:\/\/grupoigb.es\/en\/wp-json\/wp\/v2\/pages\/1195\/revisions"}],"predecessor-version":[{"id":3557,"href":"https:\/\/grupoigb.es\/en\/wp-json\/wp\/v2\/pages\/1195\/revisions\/3557"}],"up":[{"embeddable":true,"href":"https:\/\/grupoigb.es\/en\/wp-json\/wp\/v2\/pages\/78"}],"wp:attachment":[{"href":"https:\/\/grupoigb.es\/en\/wp-json\/wp\/v2\/media?parent=1195"}],"curies":[{"name":"wp","href":"https:\/\/api.w.org\/{rel}","templated":true}]}}