{"id":21,"date":"2018-09-25T11:12:13","date_gmt":"2018-09-25T09:12:13","guid":{"rendered":"http:\/\/www.aysinformatica.com\/IGB\/?page_id=21"},"modified":"2023-02-25T11:31:11","modified_gmt":"2023-02-25T10:31:11","slug":"politica-de-privacidad-redes-sociales","status":"publish","type":"page","link":"https:\/\/grupoigb.es\/en\/politica-de-privacidad-redes-sociales\/","title":{"rendered":"Privacy policy social networks"},"content":{"rendered":"<div data-elementor-type=\"wp-post\" data-elementor-id=\"21\" class=\"elementor elementor-21 elementor-bc-flex-widget\" data-elementor-post-type=\"page\">\n\t\t\t\t\t\t<section class=\"elementor-section elementor-top-section elementor-element elementor-element-f1d5b76 elementor-section-boxed elementor-section-height-default elementor-section-height-default\" data-id=\"f1d5b76\" data-element_type=\"section\">\n\t\t\t\t\t\t<div class=\"elementor-container elementor-column-gap-default\">\n\t\t\t\t\t<div class=\"elementor-column elementor-col-100 elementor-top-column elementor-element elementor-element-69b944f\" data-id=\"69b944f\" data-element_type=\"column\">\n\t\t\t<div class=\"elementor-widget-wrap elementor-element-populated\">\n\t\t\t\t\t\t<div class=\"elementor-element elementor-element-969771c elementor-widget elementor-widget-text-editor\" data-id=\"969771c\" data-element_type=\"widget\" data-widget_type=\"text-editor.default\">\n\t\t\t\t<div class=\"elementor-widget-container\">\n\t\t\t\t\t\t\t\t\t<p>In accordance with the provisions of current regulations on General Data Protection Regulation (GDPR) and Law 34\/2002, of July 11, Services of the Information Society and Electronic Commerce (LSIS-EC), INGENIER\u00cdA B\u00c1SICA, OBRAS Y PROYECTOS S.L. informs users that they have proceeded to create a profile in the Social Network, Facebook, Twitter, with the main purpose of publicizing their products and services.<\/p><p>Data of INGENIER\u00cdA B\u00c1SICA, OBRAS Y PROYECTOS S.L.:<\/p><ul><li>C.I.F.: B-79385035<\/li><li>ADDRESS: CALLE MESENA, N\u00ba 83, 28033 MADRID<\/li><li>EMAIL: IGB@GRUPOIGB.COM<\/li><li>WEB: WWW.GRUPOIGB.ES<\/li><\/ul><p>The user has a profile in the same Social Network and has decided to join the page created by INGENIER\u00cdA B\u00c1SICA, OBRAS Y PROYECTOS S.L., thus showing interest in the information that is advertised on the Net. By joining our page, you provide your consent for the treatment of personal data published in your profile.<\/p><p>The user can access the privacy policies of the Social Network at any time, as well as configure their profile to guarantee their privacy.<\/p><p>INGENIER\u00cdA B\u00c1SICA, OBRAS Y PROYECTOS S.L. access and treat that public information of the user, especially his contact name. These data are only used within the Social Network itself. They are not incorporated into any file.<\/p><p>In relation to the rights of access, rectification, cancellation and opposition, which you have and that may be exercised before INGENIER\u00cdA B\u00c1SICA, OBRAS Y PROYECTOS S.L., in accordance with the GDPR, you must take into account the following nuances:<\/p><ul><li>Access: It will be defined by the functionality of the Social Network and the ability to access the information of user profiles.<\/li><li>Rectification: It can only be satisfied in relation to that information that is under the control of INGENIER\u00cdA B\u00c1SICA, OBRAS Y PROYECTOS S.L., for example, eliminate comments published on the page itself. Normally, this right must be exercised before the Social Network.<\/li><li>Cancellation and \/ or Opposition: As in the previous case, it can only be satisfied in relation to that information that is under the control of INGENIER\u00cdA B\u00c1SICA, OBRAS Y PROYECTOS S.L., for example, no longer be attached to the profile.<\/li><\/ul><p>INGENIER\u00cdA B\u00c1SICA, OBRAS Y PROYECTOS S.L. will perform the following actions:<\/p><ul><li>Access to public profile information.<\/li><li>Publication in the user\u2019s profile of all information already published on the page of INGENIER\u00cdA B\u00c1SICA, OBRAS Y PROYECTOS S.L.<\/li><li>Send personal and individual messages through the channels of the Social Network.<\/li><li>Updates on the status of the page that will be published in the user\u2019s profile.<\/li><\/ul><p>The user can always control their connections, remove the content that no longer interests them and restrict who shares their connections, for this they must access their privacy settings.<\/p><p><strong>Publications<\/strong><\/p><p>The user, once linked to the page of INGENIER\u00cdA B\u00c1SICA, OBRAS Y PROYECTOS S.L., may publish in the latter comments, links, images or photographs or any other type of multimedia content supported by the Social Network. The user, in all cases, must be the owner thereof, enjoy the copyright and intellectual property rights or have the consent of the affected third parties. It is expressly prohibited any publication on the page, whether texts, graphics, photographs, videos, etc. that attempt or are likely to attempt against morality, ethics, good taste or decorum, and \/ or that infringe, violate or violate the rights of intellectual or industrial property, the right to the image or the Law. In these cases, INGENIER\u00cdA B\u00c1SICA, OBRAS Y PROYECTOS S.L. reserves the right to immediately withdraw the content, being able to request permanent blocking of the user.<\/p><p>INGENIER\u00cdA B\u00c1SICA, OBRAS Y PROYECTOS S.L. will not be responsible for the contents that a user has freely published.<\/p><p>The user must keep in mind that his publications will be known by the other users, so he himself is the main responsible for his privacy.<\/p><p>The images that can be published on the page will not be stored in any file by INGENIER\u00cdA B\u00c1SICA, OBRAS Y PROYECTOS S.L., but they will remain in the Social Network.<\/p><p><strong>Competitions and promotions<\/strong><\/p><p>INGENIER\u00cdA B\u00c1SICA, OBRAS Y PROYECTOS S.L. reserves the right to hold contests and promotions, in which the user may participate together with their page. The bases of each of them, when the platform of the Social Network is used for it, will be published in it. Always complying with the LSSI-CE and any other standard that applies to it.<\/p><p>The Social Network does not sponsor, endorse or administer, in any way, any of our promotions, nor is it associated with any of them.<\/p><p><strong>Advertising<\/strong><\/p><p>INGENIER\u00cdA B\u00c1SICA, OBRAS Y PROYECTOS S.L. will use the Social Network to publicize its products and services, in any case, if you decide to treat your contact data to perform direct commercial prospecting actions, it will always be in compliance with the legal requirements of the GDPR and the LSIS-EC.<\/p><p>The Social Network does not sponsor, endorse or administer, in any way, any of our promotions, nor is it associated with any of them.<\/p><p><strong>Below we detail the link to the privacy policy of the Social Network:<\/strong><\/p><ul><li class=\"translation-block\">Linkedin:\u00a0<a href=\"https:\/\/www.linkedin.com\/legal\/privacy-policy?_l=en_EN\" target=\"_blank\" rel=\"noopener\">https:\/\/www.linkedin.com\/legal\/privacy-policy?_l=en_EN<\/a><\/li><li class=\"translation-block\">Youtube:\u00a0<a href=\"https:\/\/www.youtube.com\/intl\/en\/yt\/about\/policies\/#community-guidelines\" target=\"_blank\" rel=\"noopener\">https:\/\/www.youtube.com\/intl\/en\/yt\/about\/policies\/#community-guidelines<\/a><\/li><\/ul>\t\t\t\t\t\t\t\t<\/div>\n\t\t\t\t<\/div>\n\t\t\t\t\t<\/div>\n\t\t<\/div>\n\t\t\t\t\t<\/div>\n\t\t<\/section>\n\t\t\t\t<\/div>","protected":false},"excerpt":{"rendered":"<p>De conformidad con lo establecido en la normativa vigente en Protecci\u00f3n de Datos de Car\u00e1cter Personal (RGPD) y la Ley 34\/2002, de 11 de julio, de Servicios de la Sociedad de la Informaci\u00f3n y de Comercio Electr\u00f3nico (LSSI-CE), INGENIER\u00cdA B\u00c1SICA, OBRAS Y PROYECTOS S.L. informa a los usuarios, que ha procedido a crear un perfil [&hellip;]<\/p>","protected":false},"author":1,"featured_media":0,"parent":0,"menu_order":0,"comment_status":"closed","ping_status":"closed","template":"","meta":{"ocean_post_layout":"full-width","ocean_both_sidebars_style":"","ocean_both_sidebars_content_width":0,"ocean_both_sidebars_sidebars_width":0,"ocean_sidebar":"0","ocean_second_sidebar":"0","ocean_disable_margins":"enable","ocean_add_body_class":"","ocean_shortcode_before_top_bar":"","ocean_shortcode_after_top_bar":"","ocean_shortcode_before_header":"","ocean_shortcode_after_header":"","ocean_has_shortcode":"","ocean_shortcode_after_title":"","ocean_shortcode_before_footer_widgets":"","ocean_shortcode_after_footer_widgets":"","ocean_shortcode_before_footer_bottom":"","ocean_shortcode_after_footer_bottom":"","ocean_display_top_bar":"default","ocean_display_header":"default","ocean_header_style":"","ocean_center_header_left_menu":"0","ocean_custom_header_template":"0","ocean_custom_logo":0,"ocean_custom_retina_logo":0,"ocean_custom_logo_max_width":0,"ocean_custom_logo_tablet_max_width":0,"ocean_custom_logo_mobile_max_width":0,"ocean_custom_logo_max_height":0,"ocean_custom_logo_tablet_max_height":0,"ocean_custom_logo_mobile_max_height":0,"ocean_header_custom_menu":"0","ocean_menu_typo_font_family":"0","ocean_menu_typo_font_subset":"","ocean_menu_typo_font_size":0,"ocean_menu_typo_font_size_tablet":0,"ocean_menu_typo_font_size_mobile":0,"ocean_menu_typo_font_size_unit":"px","ocean_menu_typo_font_weight":"","ocean_menu_typo_font_weight_tablet":"","ocean_menu_typo_font_weight_mobile":"","ocean_menu_typo_transform":"","ocean_menu_typo_transform_tablet":"","ocean_menu_typo_transform_mobile":"","ocean_menu_typo_line_height":0,"ocean_menu_typo_line_height_tablet":0,"ocean_menu_typo_line_height_mobile":0,"ocean_menu_typo_line_height_unit":"","ocean_menu_typo_spacing":0,"ocean_menu_typo_spacing_tablet":0,"ocean_menu_typo_spacing_mobile":0,"ocean_menu_typo_spacing_unit":"","ocean_menu_link_color":"","ocean_menu_link_color_hover":"","ocean_menu_link_color_active":"","ocean_menu_link_background":"","ocean_menu_link_hover_background":"","ocean_menu_link_active_background":"","ocean_menu_social_links_bg":"","ocean_menu_social_hover_links_bg":"","ocean_menu_social_links_color":"","ocean_menu_social_hover_links_color":"","ocean_disable_title":"default","ocean_disable_heading":"default","ocean_post_title":"","ocean_post_subheading":"","ocean_post_title_style":"","ocean_post_title_background_color":"","ocean_post_title_background":0,"ocean_post_title_bg_image_position":"","ocean_post_title_bg_image_attachment":"","ocean_post_title_bg_image_repeat":"","ocean_post_title_bg_image_size":"","ocean_post_title_height":0,"ocean_post_title_bg_overlay":0.5,"ocean_post_title_bg_overlay_color":"","ocean_disable_breadcrumbs":"default","ocean_breadcrumbs_color":"","ocean_breadcrumbs_separator_color":"","ocean_breadcrumbs_links_color":"","ocean_breadcrumbs_links_hover_color":"","ocean_display_footer_widgets":"default","ocean_display_footer_bottom":"default","ocean_custom_footer_template":"0","footnotes":""},"class_list":["post-21","page","type-page","status-publish","hentry","entry"],"_links":{"self":[{"href":"https:\/\/grupoigb.es\/en\/wp-json\/wp\/v2\/pages\/21","targetHints":{"allow":["GET"]}}],"collection":[{"href":"https:\/\/grupoigb.es\/en\/wp-json\/wp\/v2\/pages"}],"about":[{"href":"https:\/\/grupoigb.es\/en\/wp-json\/wp\/v2\/types\/page"}],"author":[{"embeddable":true,"href":"https:\/\/grupoigb.es\/en\/wp-json\/wp\/v2\/users\/1"}],"replies":[{"embeddable":true,"href":"https:\/\/grupoigb.es\/en\/wp-json\/wp\/v2\/comments?post=21"}],"version-history":[{"count":5,"href":"https:\/\/grupoigb.es\/en\/wp-json\/wp\/v2\/pages\/21\/revisions"}],"predecessor-version":[{"id":1457,"href":"https:\/\/grupoigb.es\/en\/wp-json\/wp\/v2\/pages\/21\/revisions\/1457"}],"wp:attachment":[{"href":"https:\/\/grupoigb.es\/en\/wp-json\/wp\/v2\/media?parent=21"}],"curies":[{"name":"wp","href":"https:\/\/api.w.org\/{rel}","templated":true}]}}