{"id":2257,"date":"2019-06-07T07:41:39","date_gmt":"2019-06-07T06:41:39","guid":{"rendered":"https:\/\/grupoigb.es\/proteccion-datos-mail-copy\/"},"modified":"2023-05-17T23:09:04","modified_gmt":"2023-05-17T22:09:04","slug":"politica-de-gestion-integral","status":"publish","type":"page","link":"https:\/\/grupoigb.es\/en\/politica-de-gestion-integral\/","title":{"rendered":"Integrated management policy"},"content":{"rendered":"<div data-elementor-type=\"wp-post\" data-elementor-id=\"2257\" class=\"elementor elementor-2257\" data-elementor-post-type=\"page\">\n\t\t\t\t\t\t<section class=\"elementor-section elementor-top-section elementor-element elementor-element-e342130 elementor-section-boxed elementor-section-height-default elementor-section-height-default\" data-id=\"e342130\" data-element_type=\"section\">\n\t\t\t\t\t\t<div class=\"elementor-container elementor-column-gap-default\">\n\t\t\t\t\t<div class=\"elementor-column elementor-col-100 elementor-top-column elementor-element elementor-element-d899c28\" data-id=\"d899c28\" data-element_type=\"column\">\n\t\t\t<div class=\"elementor-widget-wrap elementor-element-populated\">\n\t\t\t\t\t\t<div class=\"elementor-element elementor-element-deb54c6 elementor-widget elementor-widget-text-editor\" data-id=\"deb54c6\" data-element_type=\"widget\" data-widget_type=\"text-editor.default\">\n\t\t\t\t<div class=\"elementor-widget-container\">\n\t\t\t\t\t\t\t\t\t<p>IGB Ingenier\u00eda B\u00e1sica is defined as an independent consulting company whose main objective is to provide creative engineering services, which represent for the customer the best solution satisfying needs and expectations. <strong>una soluci\u00f3n excelente, que satisfaga sus necesidades y expectativas, en base a un compromiso de mejora continua, la seguridad y salud en el trabajo de todos sus empleados y la prevenci\u00f3n de la contaminaci\u00f3n, adoptando los recursos necesarios para alcanzar tales fines, cumpliendo los objetivos de plazo y coste establecidos.<\/strong><\/p><p>Para ello establece un Sistema Integrado de Calidad, Gesti\u00f3n Ambiental y Seguridad y Salud en el Trabajo en base a los requisitos que establecen las Normas UNE-EN-ISO 9001:2015, UNE-EN-ISO 14001:2015 y UNE-EN-ISO 45001:2018, adaptado a las actividades <strong>espec\u00edficas de Redacci\u00f3n de proyectos y estudios de ingenier\u00eda civil, medio ambiente, urbanismo y edificaci\u00f3n. Asistencia t\u00e9cnica y direcci\u00f3n de obra. Servicios de ingenier\u00eda y consultor\u00eda en entorno BIM. Elaboraci\u00f3n de estudios de seguridad y salud y coordinaci\u00f3n de seguridad y salud en obra, as\u00ed como la realizaci\u00f3n de servicios de consultor\u00eda asociados.<\/strong><\/p><p>The Integral Management Policy is based on the following principles:<\/p><ul><li><strong>Understanding the current and future needs of our customers<\/strong>, consolidating their trust in our organization, meeting their needs and striving to exceed their expectations.<\/li><li>Commitment that the established <strong>legal and regulatory requirements<\/strong> as well as other requirements that the organization subscribes for the adequate provision of the service, are met in the development of our activity. In this way, this Policy becomes the frame of reference for establishing and reviewing the objectives and goals of the organization.<\/li><li>Plan, verify and control our activities to ensure the <strong>continuous improvement <\/strong>of our Integrated System and our behavior with the environment, continuing to consolidate our position in the civil engineering and public works consulting sector.<\/li><li><strong>Minimize the environmental impact<\/strong> of our services, with particular attention to the management of the waste generated and to the consumption achieved.<\/li><li><strong>Prevenir los da\u00f1os y el deterioro de la salud\u00a0<\/strong>de sus empleados y subcontratas. Identific\u00e1ndolos, evalu\u00e1ndolos y adoptando las medidas necesarias.<\/li><li>Guarantee a strict <strong>control of costs and external collaborators<\/strong> through the approval of suppliers and inspection of the work performed.<\/li><li>Proporcionar la<strong> formaci\u00f3n e informaci\u00f3n <\/strong>adecuada a los empleados, para que desarrollen buenas pr\u00e1cticas ambientales, conozcan los riesgos inherentes a su trabajo y las medidas para su correcta prevenci\u00f3n, as\u00ed como sus obligaciones en materia de prevenci\u00f3n de riesgos laborales, medio ambiente y calidad.<\/li><li>Fomentar la consulta y participaci\u00f3n de los empleados, en cuestiones relacionadas con la Calidad, Seguridad y Salud en el Trabajo y sus actuaciones Medioambientales.<\/li><\/ul>\t\t\t\t\t\t\t\t<\/div>\n\t\t\t\t<\/div>\n\t\t\t\t\t<\/div>\n\t\t<\/div>\n\t\t\t\t\t<\/div>\n\t\t<\/section>\n\t\t\t\t<\/div>","protected":false},"excerpt":{"rendered":"<p>IGB Ingenier\u00eda B\u00e1sica se define como una compa\u00f1\u00eda consultora independiente cuyo objetivo fundamental es suministrar servicios creativos de ingenier\u00eda, que representen para el cliente una soluci\u00f3n excelente, que satisfaga sus necesidades y expectativas, en base a un compromiso de mejora continua, la seguridad y salud en el trabajo de todos sus empleados y la prevenci\u00f3n [&hellip;]<\/p>","protected":false},"author":1,"featured_media":0,"parent":0,"menu_order":0,"comment_status":"closed","ping_status":"closed","template":"","meta":{"ocean_post_layout":"full-width","ocean_both_sidebars_style":"","ocean_both_sidebars_content_width":0,"ocean_both_sidebars_sidebars_width":0,"ocean_sidebar":"0","ocean_second_sidebar":"0","ocean_disable_margins":"enable","ocean_add_body_class":"","ocean_shortcode_before_top_bar":"","ocean_shortcode_after_top_bar":"","ocean_shortcode_before_header":"","ocean_shortcode_after_header":"","ocean_has_shortcode":"","ocean_shortcode_after_title":"","ocean_shortcode_before_footer_widgets":"","ocean_shortcode_after_footer_widgets":"","ocean_shortcode_before_footer_bottom":"","ocean_shortcode_after_footer_bottom":"","ocean_display_top_bar":"default","ocean_display_header":"default","ocean_header_style":"","ocean_center_header_left_menu":"0","ocean_custom_header_template":"0","ocean_custom_logo":0,"ocean_custom_retina_logo":0,"ocean_custom_logo_max_width":0,"ocean_custom_logo_tablet_max_width":0,"ocean_custom_logo_mobile_max_width":0,"ocean_custom_logo_max_height":0,"ocean_custom_logo_tablet_max_height":0,"ocean_custom_logo_mobile_max_height":0,"ocean_header_custom_menu":"0","ocean_menu_typo_font_family":"0","ocean_menu_typo_font_subset":"","ocean_menu_typo_font_size":0,"ocean_menu_typo_font_size_tablet":0,"ocean_menu_typo_font_size_mobile":0,"ocean_menu_typo_font_size_unit":"px","ocean_menu_typo_font_weight":"","ocean_menu_typo_font_weight_tablet":"","ocean_menu_typo_font_weight_mobile":"","ocean_menu_typo_transform":"","ocean_menu_typo_transform_tablet":"","ocean_menu_typo_transform_mobile":"","ocean_menu_typo_line_height":0,"ocean_menu_typo_line_height_tablet":0,"ocean_menu_typo_line_height_mobile":0,"ocean_menu_typo_line_height_unit":"","ocean_menu_typo_spacing":0,"ocean_menu_typo_spacing_tablet":0,"ocean_menu_typo_spacing_mobile":0,"ocean_menu_typo_spacing_unit":"","ocean_menu_link_color":"","ocean_menu_link_color_hover":"","ocean_menu_link_color_active":"","ocean_menu_link_background":"","ocean_menu_link_hover_background":"","ocean_menu_link_active_background":"","ocean_menu_social_links_bg":"","ocean_menu_social_hover_links_bg":"","ocean_menu_social_links_color":"","ocean_menu_social_hover_links_color":"","ocean_disable_title":"default","ocean_disable_heading":"default","ocean_post_title":"","ocean_post_subheading":"","ocean_post_title_style":"","ocean_post_title_background_color":"","ocean_post_title_background":0,"ocean_post_title_bg_image_position":"","ocean_post_title_bg_image_attachment":"","ocean_post_title_bg_image_repeat":"","ocean_post_title_bg_image_size":"","ocean_post_title_height":0,"ocean_post_title_bg_overlay":0.5,"ocean_post_title_bg_overlay_color":"","ocean_disable_breadcrumbs":"default","ocean_breadcrumbs_color":"","ocean_breadcrumbs_separator_color":"","ocean_breadcrumbs_links_color":"","ocean_breadcrumbs_links_hover_color":"","ocean_display_footer_widgets":"default","ocean_display_footer_bottom":"default","ocean_custom_footer_template":"0","footnotes":""},"class_list":["post-2257","page","type-page","status-publish","hentry","entry"],"_links":{"self":[{"href":"https:\/\/grupoigb.es\/en\/wp-json\/wp\/v2\/pages\/2257","targetHints":{"allow":["GET"]}}],"collection":[{"href":"https:\/\/grupoigb.es\/en\/wp-json\/wp\/v2\/pages"}],"about":[{"href":"https:\/\/grupoigb.es\/en\/wp-json\/wp\/v2\/types\/page"}],"author":[{"embeddable":true,"href":"https:\/\/grupoigb.es\/en\/wp-json\/wp\/v2\/users\/1"}],"replies":[{"embeddable":true,"href":"https:\/\/grupoigb.es\/en\/wp-json\/wp\/v2\/comments?post=2257"}],"version-history":[{"count":7,"href":"https:\/\/grupoigb.es\/en\/wp-json\/wp\/v2\/pages\/2257\/revisions"}],"predecessor-version":[{"id":3530,"href":"https:\/\/grupoigb.es\/en\/wp-json\/wp\/v2\/pages\/2257\/revisions\/3530"}],"wp:attachment":[{"href":"https:\/\/grupoigb.es\/en\/wp-json\/wp\/v2\/media?parent=2257"}],"curies":[{"name":"wp","href":"https:\/\/api.w.org\/{rel}","templated":true}]}}