{"id":411,"date":"2018-11-17T14:21:22","date_gmt":"2018-11-17T12:21:22","guid":{"rendered":"https:\/\/aysinformatica.com\/IGB\/?page_id=411"},"modified":"2023-02-25T17:23:12","modified_gmt":"2023-02-25T16:23:12","slug":"areas-de-actividad","status":"publish","type":"page","link":"https:\/\/grupoigb.es\/en\/areas-de-actividad\/","title":{"rendered":"ACTIVITY AREAS"},"content":{"rendered":"<div data-elementor-type=\"wp-post\" data-elementor-id=\"411\" class=\"elementor elementor-411\" data-elementor-post-type=\"page\">\n\t\t\t\t\t\t<section class=\"elementor-section elementor-top-section elementor-element elementor-element-33f6ff8 elementor-section-boxed elementor-section-height-default elementor-section-height-default\" data-id=\"33f6ff8\" data-element_type=\"section\">\n\t\t\t\t\t\t<div class=\"elementor-container elementor-column-gap-default\">\n\t\t\t\t\t<div class=\"elementor-column elementor-col-25 elementor-top-column elementor-element elementor-element-8372915\" data-id=\"8372915\" data-element_type=\"column\">\n\t\t\t<div class=\"elementor-widget-wrap elementor-element-populated\">\n\t\t\t\t\t\t<div class=\"elementor-element elementor-element-a01e6dc elementor-cta--skin-cover elementor-cta--valign-middle elementor-bg-transform elementor-bg-transform-zoom-in elementor-widget elementor-widget-call-to-action\" data-id=\"a01e6dc\" data-element_type=\"widget\" data-widget_type=\"call-to-action.default\">\n\t\t\t\t<div class=\"elementor-widget-container\">\n\t\t\t\t\t\t\t<a class=\"elementor-cta\" href=\"https:\/\/grupoigb.es\/en\/areas-de-actividad\/desarrollo-urbano\/\">\n\t\t\t\t\t<div class=\"elementor-cta__bg-wrapper\">\n\t\t\t\t<div class=\"elementor-cta__bg elementor-bg\" style=\"background-image: url(https:\/\/grupoigb.es\/wp-content\/uploads\/DESARROLLO-URBANO-300x169.png);\" role=\"img\" aria-label=\"DESARROLLO URBANO\"><\/div>\n\t\t\t\t<div class=\"elementor-cta__bg-overlay\"><\/div>\n\t\t\t<\/div>\n\t\t\t\t\t\t\t<div class=\"elementor-cta__content\">\n\t\t\t\t\n\t\t\t\t\n\t\t\t\t\t\t\t\t\t<div class=\"elementor-cta__description elementor-cta__content-item elementor-content-item\">\n\t\t\t\t\t\tURBAN DEVELOPMENT\t\t\t\t\t<\/div>\n\t\t\t\t\n\t\t\t\t\t\t\t<\/div>\n\t\t\t\t\t\t<\/a>\n\t\t\t\t\t\t<\/div>\n\t\t\t\t<\/div>\n\t\t\t\t<div class=\"elementor-element elementor-element-1360df6 elementor-widget elementor-widget-heading\" data-id=\"1360df6\" data-element_type=\"widget\" data-widget_type=\"heading.default\">\n\t\t\t\t<div class=\"elementor-widget-container\">\n\t\t\t\t\t<h2 class=\"elementor-heading-title elementor-size-default\">Urban Development<\/h2>\t\t\t\t<\/div>\n\t\t\t\t<\/div>\n\t\t\t\t<div class=\"elementor-element elementor-element-ca6b565 elementor-widget elementor-widget-text-editor\" data-id=\"ca6b565\" data-element_type=\"widget\" data-widget_type=\"text-editor.default\">\n\t\t\t\t<div class=\"elementor-widget-container\">\n\t\t\t\t\t\t\t\t\t<ul><li><a href=\"https:\/\/grupoigb.es\/en\/category\/desarrollo-urbano\/planeamiento-general\/\">General planning<\/a><\/li><li><a href=\"https:\/\/grupoigb.es\/en\/category\/desarrollo-urbano\/planeamiento-parcial\/\">Partial planning<\/a><\/li><li><a href=\"https:\/\/grupoigb.es\/en\/category\/desarrollo-urbano\/planeamiento-infraestructural\/\">Infrastructural planning<\/a><\/li><li><a href=\"https:\/\/grupoigb.es\/en\/category\/desarrollo-urbano\/estudios-previos\/\">Previous studies<\/a><\/li><li><a href=\"https:\/\/grupoigb.es\/en\/category\/desarrollo-urbano\/estudios-de-viabilidad\/\">Feasibility studies<\/a><\/li><li><a href=\"https:\/\/grupoigb.es\/en\/category\/desarrollo-urbano\/proyectos-de-urbanizacion\/\">Urbanization projects<\/a><\/li><li><a href=\"https:\/\/grupoigb.es\/en\/category\/desarrollo-urbano\/proyectos-de-remodelacion\/\">Remodeling projects<\/a><\/li><li><a href=\"https:\/\/grupoigb.es\/en\/category\/desarrollo-urbano\/parques-y-jardines\/\">Parks and gardens<\/a><\/li><\/ul>\t\t\t\t\t\t\t\t<\/div>\n\t\t\t\t<\/div>\n\t\t\t\t\t<\/div>\n\t\t<\/div>\n\t\t\t\t<div class=\"elementor-column elementor-col-25 elementor-top-column elementor-element elementor-element-8fe26e1\" data-id=\"8fe26e1\" data-element_type=\"column\">\n\t\t\t<div class=\"elementor-widget-wrap elementor-element-populated\">\n\t\t\t\t\t\t<div class=\"elementor-element elementor-element-5f9eb0c elementor-cta--skin-cover elementor-cta--valign-middle elementor-bg-transform elementor-bg-transform-zoom-in elementor-widget elementor-widget-call-to-action\" data-id=\"5f9eb0c\" data-element_type=\"widget\" data-widget_type=\"call-to-action.default\">\n\t\t\t\t<div class=\"elementor-widget-container\">\n\t\t\t\t\t\t\t<a class=\"elementor-cta\" href=\"https:\/\/grupoigb.es\/en\/areas-de-actividad\/medio-ambiente\/\">\n\t\t\t\t\t<div class=\"elementor-cta__bg-wrapper\">\n\t\t\t\t<div class=\"elementor-cta__bg elementor-bg\" style=\"background-image: url(https:\/\/grupoigb.es\/wp-content\/uploads\/MEDIO-AMBIENTE-300x169.jpg);\" role=\"img\" aria-label=\"MEDIO AMBIENTE\"><\/div>\n\t\t\t\t<div class=\"elementor-cta__bg-overlay\"><\/div>\n\t\t\t<\/div>\n\t\t\t\t\t\t\t<div class=\"elementor-cta__content\">\n\t\t\t\t\n\t\t\t\t\n\t\t\t\t\t\t\t\t\t<div class=\"elementor-cta__description elementor-cta__content-item elementor-content-item\">\n\t\t\t\t\t\tENVIROMENT\t\t\t\t\t<\/div>\n\t\t\t\t\n\t\t\t\t\t\t\t<\/div>\n\t\t\t\t\t\t<\/a>\n\t\t\t\t\t\t<\/div>\n\t\t\t\t<\/div>\n\t\t\t\t<div class=\"elementor-element elementor-element-640bc1c elementor-widget elementor-widget-heading\" data-id=\"640bc1c\" data-element_type=\"widget\" data-widget_type=\"heading.default\">\n\t\t\t\t<div class=\"elementor-widget-container\">\n\t\t\t\t\t<h2 class=\"elementor-heading-title elementor-size-default\">Enviroment<\/h2>\t\t\t\t<\/div>\n\t\t\t\t<\/div>\n\t\t\t\t<div class=\"elementor-element elementor-element-6a18b6e elementor-widget elementor-widget-text-editor\" data-id=\"6a18b6e\" data-element_type=\"widget\" data-widget_type=\"text-editor.default\">\n\t\t\t\t<div class=\"elementor-widget-container\">\n\t\t\t\t\t\t\t\t\t<ul><li><a href=\"https:\/\/grupoigb.es\/en\/category\/medioambiente\/abastecimiento\/\">Water purification and water suplly<\/a><\/li><li><a href=\"https:\/\/grupoigb.es\/en\/category\/medioambiente\/saneamiento\/\">Sanitation and purification<\/a><\/li><li><a href=\"https:\/\/grupoigb.es\/en\/category\/medioambiente\/estudios-medioambientales\/\">Estudios medioambientale<\/a>s<\/li><li>Acoustic studies<\/li><li><a href=\"https:\/\/grupoigb.es\/en\/category\/medioambiente\/tratamiento-de-residuos\/\">Waste management<\/a><\/li><li>Recicling and recovering plants<\/li><\/ul>\t\t\t\t\t\t\t\t<\/div>\n\t\t\t\t<\/div>\n\t\t\t\t\t<\/div>\n\t\t<\/div>\n\t\t\t\t<div class=\"elementor-column elementor-col-25 elementor-top-column elementor-element elementor-element-3b67e76\" data-id=\"3b67e76\" data-element_type=\"column\">\n\t\t\t<div class=\"elementor-widget-wrap elementor-element-populated\">\n\t\t\t\t\t\t<div class=\"elementor-element elementor-element-079fe3f elementor-cta--skin-cover elementor-cta--valign-middle elementor-bg-transform elementor-bg-transform-zoom-in elementor-widget elementor-widget-call-to-action\" data-id=\"079fe3f\" data-element_type=\"widget\" data-widget_type=\"call-to-action.default\">\n\t\t\t\t<div class=\"elementor-widget-container\">\n\t\t\t\t\t\t\t<a class=\"elementor-cta\" href=\"https:\/\/grupoigb.es\/en\/areas-de-actividad\/obras-lineales\/\">\n\t\t\t\t\t<div class=\"elementor-cta__bg-wrapper\">\n\t\t\t\t<div class=\"elementor-cta__bg elementor-bg\" style=\"background-image: url(https:\/\/grupoigb.es\/wp-content\/uploads\/Obras-lineales-300x169.jpg);\" role=\"img\" aria-label=\"LINEAR WORKS\"><\/div>\n\t\t\t\t<div class=\"elementor-cta__bg-overlay\"><\/div>\n\t\t\t<\/div>\n\t\t\t\t\t\t\t<div class=\"elementor-cta__content\">\n\t\t\t\t\n\t\t\t\t\n\t\t\t\t\t\t\t\t\t<div class=\"elementor-cta__description elementor-cta__content-item elementor-content-item\">\n\t\t\t\t\t\tLINEAR WORKS\t\t\t\t\t<\/div>\n\t\t\t\t\n\t\t\t\t\t\t\t<\/div>\n\t\t\t\t\t\t<\/a>\n\t\t\t\t\t\t<\/div>\n\t\t\t\t<\/div>\n\t\t\t\t<div class=\"elementor-element elementor-element-b4deac9 elementor-widget elementor-widget-heading\" data-id=\"b4deac9\" data-element_type=\"widget\" data-widget_type=\"heading.default\">\n\t\t\t\t<div class=\"elementor-widget-container\">\n\t\t\t\t\t<h2 class=\"elementor-heading-title elementor-size-default\">Linear Works<\/h2>\t\t\t\t<\/div>\n\t\t\t\t<\/div>\n\t\t\t\t<div class=\"elementor-element elementor-element-8a9a835 elementor-widget elementor-widget-text-editor\" data-id=\"8a9a835\" data-element_type=\"widget\" data-widget_type=\"text-editor.default\">\n\t\t\t\t<div class=\"elementor-widget-container\">\n\t\t\t\t\t\t\t\t\t<ul><li><a href=\"https:\/\/grupoigb.es\/en\/category\/obras-lineales\/carreteras\/\">Roads<\/a><\/li><li>Infrastructure<\/li><li><a href=\"https:\/\/grupoigb.es\/en\/category\/obras-lineales\/energia\/\">Electicity grids<\/a><\/li><li>Supply adductions<\/li><li>Gas pipeline<\/li><li>Oil pipeline<\/li><li>Sewerage<\/li><li>Submarine emissaries<\/li><\/ul>\t\t\t\t\t\t\t\t<\/div>\n\t\t\t\t<\/div>\n\t\t\t\t\t<\/div>\n\t\t<\/div>\n\t\t\t\t<div class=\"elementor-column elementor-col-25 elementor-top-column elementor-element elementor-element-b1e343f\" data-id=\"b1e343f\" data-element_type=\"column\">\n\t\t\t<div class=\"elementor-widget-wrap elementor-element-populated\">\n\t\t\t\t\t\t<div class=\"elementor-element elementor-element-b3cfc58 elementor-cta--skin-cover elementor-cta--valign-middle elementor-bg-transform elementor-bg-transform-zoom-in elementor-widget elementor-widget-call-to-action\" data-id=\"b3cfc58\" data-element_type=\"widget\" data-widget_type=\"call-to-action.default\">\n\t\t\t\t<div class=\"elementor-widget-container\">\n\t\t\t\t\t\t\t<a class=\"elementor-cta\" href=\"https:\/\/grupoigb.es\/en\/areas-de-actividad\/estructuras\/\">\n\t\t\t\t\t<div class=\"elementor-cta__bg-wrapper\">\n\t\t\t\t<div class=\"elementor-cta__bg elementor-bg\" style=\"background-image: url(https:\/\/grupoigb.es\/wp-content\/uploads\/ESTRUCTURAS-300x169.jpg);\" role=\"img\" aria-label=\"ESTRUCTURAS\"><\/div>\n\t\t\t\t<div class=\"elementor-cta__bg-overlay\"><\/div>\n\t\t\t<\/div>\n\t\t\t\t\t\t\t<div class=\"elementor-cta__content\">\n\t\t\t\t\n\t\t\t\t\n\t\t\t\t\t\t\t\t\t<div class=\"elementor-cta__description elementor-cta__content-item elementor-content-item\">\n\t\t\t\t\t\tStructures\t\t\t\t\t<\/div>\n\t\t\t\t\n\t\t\t\t\t\t\t<\/div>\n\t\t\t\t\t\t<\/a>\n\t\t\t\t\t\t<\/div>\n\t\t\t\t<\/div>\n\t\t\t\t<div class=\"elementor-element elementor-element-8276118 elementor-widget elementor-widget-heading\" data-id=\"8276118\" data-element_type=\"widget\" data-widget_type=\"heading.default\">\n\t\t\t\t<div class=\"elementor-widget-container\">\n\t\t\t\t\t<h2 class=\"elementor-heading-title elementor-size-default\">Structures<\/h2>\t\t\t\t<\/div>\n\t\t\t\t<\/div>\n\t\t\t\t<div class=\"elementor-element elementor-element-6423f81 elementor-widget elementor-widget-text-editor\" data-id=\"6423f81\" data-element_type=\"widget\" data-widget_type=\"text-editor.default\">\n\t\t\t\t<div class=\"elementor-widget-container\">\n\t\t\t\t\t\t\t\t\t<ul><li><a href=\"https:\/\/grupoigb.es\/en\/category\/estructuras\/puentes\/\">Bridges<\/a><\/li><li><a href=\"https:\/\/grupoigb.es\/en\/category\/estructuras\/pasarelas\/\">Walkways<\/a><\/li><li><a href=\"https:\/\/grupoigb.es\/en\/category\/estructuras\/tuneles\/\">Tunnels<\/a><\/li><li><a href=\"https:\/\/grupoigb.es\/en\/category\/estructuras\/edificacion\/\">Building<\/a><\/li><\/ul>\t\t\t\t\t\t\t\t<\/div>\n\t\t\t\t<\/div>\n\t\t\t\t\t<\/div>\n\t\t<\/div>\n\t\t\t\t\t<\/div>\n\t\t<\/section>\n\t\t\t\t<\/div>","protected":false},"excerpt":{"rendered":"<p>Desarrollo urbano Desarrollo Urbano Planeamiento general Planeamiento parcial Planeamiento infraestructural Estudios previos Estudios de viabilidad Proyectos de urbanizaci\u00f3n Proyectos de remodelaci\u00f3n Parques y jardines Medio ambiente Medio Ambiente Potabilizaci\u00f3n y abastecimiento de agua Saneamiento y depuraci\u00f3n Estudios medioambientales Estudios ac\u00fasticos y gesti\u00f3n del residuo Gesti\u00f3n de residuos Plantas de reciclaje y valorizaci\u00f3n Obras lineales Obras [&hellip;]<\/p>","protected":false},"author":1,"featured_media":0,"parent":0,"menu_order":0,"comment_status":"closed","ping_status":"closed","template":"","meta":{"ocean_post_layout":"full-width","ocean_both_sidebars_style":"","ocean_both_sidebars_content_width":0,"ocean_both_sidebars_sidebars_width":0,"ocean_sidebar":"0","ocean_second_sidebar":"0","ocean_disable_margins":"enable","ocean_add_body_class":"","ocean_shortcode_before_top_bar":"","ocean_shortcode_after_top_bar":"","ocean_shortcode_before_header":"","ocean_shortcode_after_header":"","ocean_has_shortcode":"","ocean_shortcode_after_title":"","ocean_shortcode_before_footer_widgets":"","ocean_shortcode_after_footer_widgets":"","ocean_shortcode_before_footer_bottom":"","ocean_shortcode_after_footer_bottom":"","ocean_display_top_bar":"default","ocean_display_header":"default","ocean_header_style":"","ocean_center_header_left_menu":"0","ocean_custom_header_template":"0","ocean_custom_logo":0,"ocean_custom_retina_logo":0,"ocean_custom_logo_max_width":0,"ocean_custom_logo_tablet_max_width":0,"ocean_custom_logo_mobile_max_width":0,"ocean_custom_logo_max_height":0,"ocean_custom_logo_tablet_max_height":0,"ocean_custom_logo_mobile_max_height":0,"ocean_header_custom_menu":"0","ocean_menu_typo_font_family":"0","ocean_menu_typo_font_subset":"","ocean_menu_typo_font_size":0,"ocean_menu_typo_font_size_tablet":0,"ocean_menu_typo_font_size_mobile":0,"ocean_menu_typo_font_size_unit":"px","ocean_menu_typo_font_weight":"","ocean_menu_typo_font_weight_tablet":"","ocean_menu_typo_font_weight_mobile":"","ocean_menu_typo_transform":"","ocean_menu_typo_transform_tablet":"","ocean_menu_typo_transform_mobile":"","ocean_menu_typo_line_height":0,"ocean_menu_typo_line_height_tablet":0,"ocean_menu_typo_line_height_mobile":0,"ocean_menu_typo_line_height_unit":"","ocean_menu_typo_spacing":0,"ocean_menu_typo_spacing_tablet":0,"ocean_menu_typo_spacing_mobile":0,"ocean_menu_typo_spacing_unit":"","ocean_menu_link_color":"","ocean_menu_link_color_hover":"","ocean_menu_link_color_active":"","ocean_menu_link_background":"","ocean_menu_link_hover_background":"","ocean_menu_link_active_background":"","ocean_menu_social_links_bg":"","ocean_menu_social_hover_links_bg":"","ocean_menu_social_links_color":"","ocean_menu_social_hover_links_color":"","ocean_disable_title":"default","ocean_disable_heading":"default","ocean_post_title":"","ocean_post_subheading":"","ocean_post_title_style":"","ocean_post_title_background_color":"","ocean_post_title_background":0,"ocean_post_title_bg_image_position":"","ocean_post_title_bg_image_attachment":"","ocean_post_title_bg_image_repeat":"","ocean_post_title_bg_image_size":"","ocean_post_title_height":0,"ocean_post_title_bg_overlay":0.5,"ocean_post_title_bg_overlay_color":"","ocean_disable_breadcrumbs":"default","ocean_breadcrumbs_color":"","ocean_breadcrumbs_separator_color":"","ocean_breadcrumbs_links_color":"","ocean_breadcrumbs_links_hover_color":"","ocean_display_footer_widgets":"default","ocean_display_footer_bottom":"default","ocean_custom_footer_template":"0","footnotes":""},"class_list":["post-411","page","type-page","status-publish","hentry","entry"],"_links":{"self":[{"href":"https:\/\/grupoigb.es\/en\/wp-json\/wp\/v2\/pages\/411","targetHints":{"allow":["GET"]}}],"collection":[{"href":"https:\/\/grupoigb.es\/en\/wp-json\/wp\/v2\/pages"}],"about":[{"href":"https:\/\/grupoigb.es\/en\/wp-json\/wp\/v2\/types\/page"}],"author":[{"embeddable":true,"href":"https:\/\/grupoigb.es\/en\/wp-json\/wp\/v2\/users\/1"}],"replies":[{"embeddable":true,"href":"https:\/\/grupoigb.es\/en\/wp-json\/wp\/v2\/comments?post=411"}],"version-history":[{"count":13,"href":"https:\/\/grupoigb.es\/en\/wp-json\/wp\/v2\/pages\/411\/revisions"}],"predecessor-version":[{"id":3473,"href":"https:\/\/grupoigb.es\/en\/wp-json\/wp\/v2\/pages\/411\/revisions\/3473"}],"wp:attachment":[{"href":"https:\/\/grupoigb.es\/en\/wp-json\/wp\/v2\/media?parent=411"}],"curies":[{"name":"wp","href":"https:\/\/api.w.org\/{rel}","templated":true}]}}