{"id":82,"date":"2018-10-02T09:40:41","date_gmt":"2018-10-02T07:40:41","guid":{"rendered":"https:\/\/aysinformatica.com\/IGB\/?page_id=82"},"modified":"2023-02-25T11:31:11","modified_gmt":"2023-02-25T10:31:11","slug":"servicios","status":"publish","type":"page","link":"https:\/\/grupoigb.es\/en\/servicios\/","title":{"rendered":"SERVICES"},"content":{"rendered":"<div data-elementor-type=\"wp-post\" data-elementor-id=\"82\" class=\"elementor elementor-82 elementor-bc-flex-widget\" data-elementor-post-type=\"page\">\n\t\t\t\t\t\t<section class=\"elementor-section elementor-top-section elementor-element elementor-element-20ffabd elementor-section-boxed elementor-section-height-default elementor-section-height-default\" data-id=\"20ffabd\" data-element_type=\"section\">\n\t\t\t\t\t\t<div class=\"elementor-container elementor-column-gap-default\">\n\t\t\t\t\t<div class=\"elementor-column elementor-col-25 elementor-top-column elementor-element elementor-element-96753e5\" data-id=\"96753e5\" data-element_type=\"column\">\n\t\t\t<div class=\"elementor-widget-wrap elementor-element-populated\">\n\t\t\t\t\t\t<div class=\"elementor-element elementor-element-57f7465 elementor-widget elementor-widget-image\" data-id=\"57f7465\" data-element_type=\"widget\" data-widget_type=\"image.default\">\n\t\t\t\t<div class=\"elementor-widget-container\">\n\t\t\t\t\t\t\t\t\t\t\t\t\t\t\t<img fetchpriority=\"high\" decoding=\"async\" width=\"500\" height=\"281\" src=\"https:\/\/grupoigb.es\/wp-content\/uploads\/consultoria.jpg\" class=\"attachment-full size-full wp-image-1020\" alt=\"\" srcset=\"https:\/\/grupoigb.es\/wp-content\/uploads\/consultoria.jpg 500w, https:\/\/grupoigb.es\/wp-content\/uploads\/consultoria-150x84.jpg 150w, https:\/\/grupoigb.es\/wp-content\/uploads\/consultoria-300x169.jpg 300w\" sizes=\"(max-width: 500px) 100vw, 500px\" \/>\t\t\t\t\t\t\t\t\t\t\t\t\t\t\t<\/div>\n\t\t\t\t<\/div>\n\t\t\t\t<div class=\"elementor-element elementor-element-dbdcf8c elementor-widget elementor-widget-heading\" data-id=\"dbdcf8c\" data-element_type=\"widget\" data-widget_type=\"heading.default\">\n\t\t\t\t<div class=\"elementor-widget-container\">\n\t\t\t\t\t<h2 class=\"elementor-heading-title elementor-size-default\">Consultancy<\/h2>\t\t\t\t<\/div>\n\t\t\t\t<\/div>\n\t\t\t\t<div class=\"elementor-element elementor-element-54bd09b elementor-widget elementor-widget-text-editor\" data-id=\"54bd09b\" data-element_type=\"widget\" data-widget_type=\"text-editor.default\">\n\t\t\t\t<div class=\"elementor-widget-container\">\n\t\t\t\t\t\t\t\t\t<ul><li>Technical audits. Expertise<\/li><li>Previous studies<\/li><li>Feasibility studies<\/li><li>Informative studies<\/li><li>Environmental impact studies<\/li><li>Acoustic studies<\/li><li>Study of floods<\/li><li>Sedimentation and drag studies<\/li><li>Health and safety studies<\/li><li>Study and evaluation of offers<\/li><li>Training<\/li><\/ul>\t\t\t\t\t\t\t\t<\/div>\n\t\t\t\t<\/div>\n\t\t\t\t\t<\/div>\n\t\t<\/div>\n\t\t\t\t<div class=\"elementor-column elementor-col-25 elementor-top-column elementor-element elementor-element-76542e9\" data-id=\"76542e9\" data-element_type=\"column\">\n\t\t\t<div class=\"elementor-widget-wrap elementor-element-populated\">\n\t\t\t\t\t\t<div class=\"elementor-element elementor-element-fd600bd elementor-widget elementor-widget-image\" data-id=\"fd600bd\" data-element_type=\"widget\" data-widget_type=\"image.default\">\n\t\t\t\t<div class=\"elementor-widget-container\">\n\t\t\t\t\t\t\t\t\t\t\t\t\t\t\t<img decoding=\"async\" width=\"500\" height=\"281\" src=\"https:\/\/grupoigb.es\/wp-content\/uploads\/planificacion-y-proyectos.jpg\" class=\"attachment-full size-full wp-image-1022\" alt=\"\" srcset=\"https:\/\/grupoigb.es\/wp-content\/uploads\/planificacion-y-proyectos.jpg 500w, https:\/\/grupoigb.es\/wp-content\/uploads\/planificacion-y-proyectos-150x84.jpg 150w, https:\/\/grupoigb.es\/wp-content\/uploads\/planificacion-y-proyectos-300x169.jpg 300w\" sizes=\"(max-width: 500px) 100vw, 500px\" \/>\t\t\t\t\t\t\t\t\t\t\t\t\t\t\t<\/div>\n\t\t\t\t<\/div>\n\t\t\t\t<div class=\"elementor-element elementor-element-57232ae elementor-widget elementor-widget-heading\" data-id=\"57232ae\" data-element_type=\"widget\" data-widget_type=\"heading.default\">\n\t\t\t\t<div class=\"elementor-widget-container\">\n\t\t\t\t\t<h2 class=\"elementor-heading-title elementor-size-default\">Planning and projects<\/h2>\t\t\t\t<\/div>\n\t\t\t\t<\/div>\n\t\t\t\t<div class=\"elementor-element elementor-element-8bd9aa4 elementor-widget elementor-widget-text-editor\" data-id=\"8bd9aa4\" data-element_type=\"widget\" data-widget_type=\"text-editor.default\">\n\t\t\t\t<div class=\"elementor-widget-container\">\n\t\t\t\t\t\t\t\t\t<ul><li>Project management<\/li><li>General urban development plan<\/li><li>Master and strategic plans<\/li><li>Partial planning<\/li><li>Conceptual engineering<\/li><li>Preliminary project<\/li><li>Environmental licensing projects<\/li><li>Construction projects<\/li><\/ul>\t\t\t\t\t\t\t\t<\/div>\n\t\t\t\t<\/div>\n\t\t\t\t\t<\/div>\n\t\t<\/div>\n\t\t\t\t<div class=\"elementor-column elementor-col-25 elementor-top-column elementor-element elementor-element-77112eb\" data-id=\"77112eb\" data-element_type=\"column\">\n\t\t\t<div class=\"elementor-widget-wrap elementor-element-populated\">\n\t\t\t\t\t\t<div class=\"elementor-element elementor-element-b49d30c elementor-widget elementor-widget-image\" data-id=\"b49d30c\" data-element_type=\"widget\" data-widget_type=\"image.default\">\n\t\t\t\t<div class=\"elementor-widget-container\">\n\t\t\t\t\t\t\t\t\t\t\t\t\t\t\t<img decoding=\"async\" width=\"500\" height=\"281\" src=\"https:\/\/grupoigb.es\/wp-content\/uploads\/ingenieria-de-construccion.jpg\" class=\"attachment-full size-full wp-image-1021\" alt=\"\" srcset=\"https:\/\/grupoigb.es\/wp-content\/uploads\/ingenieria-de-construccion.jpg 500w, https:\/\/grupoigb.es\/wp-content\/uploads\/ingenieria-de-construccion-150x84.jpg 150w, https:\/\/grupoigb.es\/wp-content\/uploads\/ingenieria-de-construccion-300x169.jpg 300w\" sizes=\"(max-width: 500px) 100vw, 500px\" \/>\t\t\t\t\t\t\t\t\t\t\t\t\t\t\t<\/div>\n\t\t\t\t<\/div>\n\t\t\t\t<div class=\"elementor-element elementor-element-ab1c3e3 elementor-widget elementor-widget-heading\" data-id=\"ab1c3e3\" data-element_type=\"widget\" data-widget_type=\"heading.default\">\n\t\t\t\t<div class=\"elementor-widget-container\">\n\t\t\t\t\t<h2 class=\"elementor-heading-title elementor-size-default\">Construction engineering<\/h2>\t\t\t\t<\/div>\n\t\t\t\t<\/div>\n\t\t\t\t<div class=\"elementor-element elementor-element-086dfef elementor-widget elementor-widget-text-editor\" data-id=\"086dfef\" data-element_type=\"widget\" data-widget_type=\"text-editor.default\">\n\t\t\t\t<div class=\"elementor-widget-container\">\n\t\t\t\t\t\t\t\t\t<ul><li>Construction management<\/li><li>Technical assistance to the construction management. Inspection: control and surveillance<\/li><li>Health and safety coordination<\/li><li>Environmental monitoring<\/li><li>Topography<\/li><li>Technical departament of the construction company<\/li><\/ul>\t\t\t\t\t\t\t\t<\/div>\n\t\t\t\t<\/div>\n\t\t\t\t\t<\/div>\n\t\t<\/div>\n\t\t\t\t<div class=\"elementor-column elementor-col-25 elementor-top-column elementor-element elementor-element-f50715b\" data-id=\"f50715b\" data-element_type=\"column\">\n\t\t\t<div class=\"elementor-widget-wrap elementor-element-populated\">\n\t\t\t\t\t\t<div class=\"elementor-element elementor-element-edfca41 elementor-widget elementor-widget-image\" data-id=\"edfca41\" data-element_type=\"widget\" data-widget_type=\"image.default\">\n\t\t\t\t<div class=\"elementor-widget-container\">\n\t\t\t\t\t\t\t\t\t\t\t\t\t\t\t<img loading=\"lazy\" decoding=\"async\" width=\"500\" height=\"281\" src=\"https:\/\/grupoigb.es\/wp-content\/uploads\/Gestion-de-la-explotacion-e1547630398188.jpg\" class=\"attachment-full size-full wp-image-1392\" alt=\"\" srcset=\"https:\/\/grupoigb.es\/wp-content\/uploads\/Gestion-de-la-explotacion-e1547630398188.jpg 500w, https:\/\/grupoigb.es\/wp-content\/uploads\/Gestion-de-la-explotacion-e1547630398188-150x84.jpg 150w, https:\/\/grupoigb.es\/wp-content\/uploads\/Gestion-de-la-explotacion-e1547630398188-300x169.jpg 300w\" sizes=\"(max-width: 500px) 100vw, 500px\" \/>\t\t\t\t\t\t\t\t\t\t\t\t\t\t\t<\/div>\n\t\t\t\t<\/div>\n\t\t\t\t<div class=\"elementor-element elementor-element-6ce5c2e elementor-widget elementor-widget-heading\" data-id=\"6ce5c2e\" data-element_type=\"widget\" data-widget_type=\"heading.default\">\n\t\t\t\t<div class=\"elementor-widget-container\">\n\t\t\t\t\t<h2 class=\"elementor-heading-title elementor-size-default\">Operation management<\/h2>\t\t\t\t<\/div>\n\t\t\t\t<\/div>\n\t\t\t\t<div class=\"elementor-element elementor-element-0701651 elementor-widget elementor-widget-text-editor\" data-id=\"0701651\" data-element_type=\"widget\" data-widget_type=\"text-editor.default\">\n\t\t\t\t<div class=\"elementor-widget-container\">\n\t\t\t\t\t\t\t\t\t<ul><li>Services and maintenance of green areas<\/li><li>Facility management<\/li><li>Management of multidisciplinary teams<\/li><li>BIM modeling for exploitation management<\/li><li>Remote management of irrigation networks<\/li><li>Instrumentation of sewer infrastructure<\/li><li>Augmented reality<\/li><\/ul>\t\t\t\t\t\t\t\t<\/div>\n\t\t\t\t<\/div>\n\t\t\t\t\t<\/div>\n\t\t<\/div>\n\t\t\t\t\t<\/div>\n\t\t<\/section>\n\t\t\t\t<\/div>","protected":false},"excerpt":{"rendered":"<p>Consultor\u00eda Auditor\u00edas t\u00e9cnicas. Peritaje Estudios previos Estudios de viabilidad Estudios informativos Estudios de impacto ambiental Estudios ac\u00fasticos Estudio de avenidas Estudios de sedimentaci\u00f3n y arrastres Estudios de seguridad y salud Estudio y valoraci\u00f3n de ofertas Formaci\u00f3n Planificaci\u00f3n y proyectos Project management Planeamiento general de ordenaci\u00f3n urbana Planes directores y estrat\u00e9gicos Planeamiento parcial Ingenier\u00eda b\u00e1sica conceptual [&hellip;]<\/p>","protected":false},"author":1,"featured_media":0,"parent":0,"menu_order":0,"comment_status":"closed","ping_status":"closed","template":"","meta":{"ocean_post_layout":"full-width","ocean_both_sidebars_style":"","ocean_both_sidebars_content_width":0,"ocean_both_sidebars_sidebars_width":0,"ocean_sidebar":"0","ocean_second_sidebar":"0","ocean_disable_margins":"enable","ocean_add_body_class":"","ocean_shortcode_before_top_bar":"","ocean_shortcode_after_top_bar":"","ocean_shortcode_before_header":"","ocean_shortcode_after_header":"","ocean_has_shortcode":"","ocean_shortcode_after_title":"","ocean_shortcode_before_footer_widgets":"","ocean_shortcode_after_footer_widgets":"","ocean_shortcode_before_footer_bottom":"","ocean_shortcode_after_footer_bottom":"","ocean_display_top_bar":"default","ocean_display_header":"default","ocean_header_style":"","ocean_center_header_left_menu":"0","ocean_custom_header_template":"0","ocean_custom_logo":0,"ocean_custom_retina_logo":0,"ocean_custom_logo_max_width":0,"ocean_custom_logo_tablet_max_width":0,"ocean_custom_logo_mobile_max_width":0,"ocean_custom_logo_max_height":0,"ocean_custom_logo_tablet_max_height":0,"ocean_custom_logo_mobile_max_height":0,"ocean_header_custom_menu":"0","ocean_menu_typo_font_family":"0","ocean_menu_typo_font_subset":"","ocean_menu_typo_font_size":0,"ocean_menu_typo_font_size_tablet":0,"ocean_menu_typo_font_size_mobile":0,"ocean_menu_typo_font_size_unit":"px","ocean_menu_typo_font_weight":"","ocean_menu_typo_font_weight_tablet":"","ocean_menu_typo_font_weight_mobile":"","ocean_menu_typo_transform":"","ocean_menu_typo_transform_tablet":"","ocean_menu_typo_transform_mobile":"","ocean_menu_typo_line_height":0,"ocean_menu_typo_line_height_tablet":0,"ocean_menu_typo_line_height_mobile":0,"ocean_menu_typo_line_height_unit":"","ocean_menu_typo_spacing":0,"ocean_menu_typo_spacing_tablet":0,"ocean_menu_typo_spacing_mobile":0,"ocean_menu_typo_spacing_unit":"","ocean_menu_link_color":"","ocean_menu_link_color_hover":"","ocean_menu_link_color_active":"","ocean_menu_link_background":"","ocean_menu_link_hover_background":"","ocean_menu_link_active_background":"","ocean_menu_social_links_bg":"","ocean_menu_social_hover_links_bg":"","ocean_menu_social_links_color":"","ocean_menu_social_hover_links_color":"","ocean_disable_title":"default","ocean_disable_heading":"default","ocean_post_title":"","ocean_post_subheading":"","ocean_post_title_style":"","ocean_post_title_background_color":"","ocean_post_title_background":0,"ocean_post_title_bg_image_position":"","ocean_post_title_bg_image_attachment":"","ocean_post_title_bg_image_repeat":"","ocean_post_title_bg_image_size":"","ocean_post_title_height":0,"ocean_post_title_bg_overlay":0.5,"ocean_post_title_bg_overlay_color":"","ocean_disable_breadcrumbs":"default","ocean_breadcrumbs_color":"","ocean_breadcrumbs_separator_color":"","ocean_breadcrumbs_links_color":"","ocean_breadcrumbs_links_hover_color":"","ocean_display_footer_widgets":"default","ocean_display_footer_bottom":"default","ocean_custom_footer_template":"0","footnotes":""},"class_list":["post-82","page","type-page","status-publish","hentry","entry"],"_links":{"self":[{"href":"https:\/\/grupoigb.es\/en\/wp-json\/wp\/v2\/pages\/82","targetHints":{"allow":["GET"]}}],"collection":[{"href":"https:\/\/grupoigb.es\/en\/wp-json\/wp\/v2\/pages"}],"about":[{"href":"https:\/\/grupoigb.es\/en\/wp-json\/wp\/v2\/types\/page"}],"author":[{"embeddable":true,"href":"https:\/\/grupoigb.es\/en\/wp-json\/wp\/v2\/users\/1"}],"replies":[{"embeddable":true,"href":"https:\/\/grupoigb.es\/en\/wp-json\/wp\/v2\/comments?post=82"}],"version-history":[{"count":8,"href":"https:\/\/grupoigb.es\/en\/wp-json\/wp\/v2\/pages\/82\/revisions"}],"predecessor-version":[{"id":1393,"href":"https:\/\/grupoigb.es\/en\/wp-json\/wp\/v2\/pages\/82\/revisions\/1393"}],"wp:attachment":[{"href":"https:\/\/grupoigb.es\/en\/wp-json\/wp\/v2\/media?parent=82"}],"curies":[{"name":"wp","href":"https:\/\/api.w.org\/{rel}","templated":true}]}}